{"id":2,"date":"2015-03-31T16:41:48","date_gmt":"2015-03-31T16:41:48","guid":{"rendered":"http:\/\/w2w.onetwoserve.net\/?page_id=2"},"modified":"2023-12-17T16:14:46","modified_gmt":"2023-12-17T15:14:46","slug":"beispiel-seite","status":"publish","type":"page","link":"https:\/\/www.onetwoserve.net\/?page_id=2","title":{"rendered":"Download"},"content":{"rendered":"<p>Hinweis: Der Download wird \u00fcber die externen Anbieter GitHub und Amazon Webservices zur Verf\u00fcgung gestellt. Beim klicken auf den Button &#8222;Jetzt herunterladen!&#8220; wird die IP-Adresse und Weitere durch den Browser \u00fcbertragenen Daten an einen der vorgenannten Anbieter \u00fcbermittelt. Welcher Anbieter verwendet wird, ist im Erl\u00e4uterungstext zum Download angegeben.<\/p>\n<div class=\"sdm_download_item \"><div class=\"sdm_download_item_top\"><div class=\"sdm_download_thumbnail\"><\/div><div class=\"sdm_download_title\">OpenTacticalDispatcher-Server_23.10.1<\/div><\/div><div style=\"clear:both;\"><\/div><div class=\"sdm_download_description\"><p>Filename:<br \/>\nOpenTacticalDispatcher-Server_23.10.1.exe<\/p>\n<p>Size (less than):<br \/>\n118 MB<\/p>\n<p>Checksum md5:<br \/>\na766ac5230fe954a9bfd37fbebed3aed<\/p>\n<p>Checksum sha256:<br \/>\n9d0a1b58f41587a315652ba2d4863595477f40072474af8f32528fd592d868b7<\/p>\n<p>Download-Provider:<br \/>\nAmazon Webservices<\/p>\n<\/div><div class=\"sdm_download_link\"><span class=\"sdm_download_button\"><a href=\"https:\/\/www.onetwoserve.net\/?sdm_process_download=1&download_id=776\" class=\"sdm_download green\" title=\"OpenTacticalDispatcher-Server_23.10.1\" target=\"_self\">Jetzt herunterladen!<\/a><\/span><\/div><\/div><div class=\"sdm_clear_float\"><\/div>\n<div class=\"sdm_download_item \"><div class=\"sdm_download_item_top\"><div class=\"sdm_download_thumbnail\"><\/div><div class=\"sdm_download_title\">OpenTacticalDispatcher-Core_23.10.1<\/div><\/div><div style=\"clear:both;\"><\/div><div class=\"sdm_download_description\"><p>Filename:<br \/>\nOpenTacticalDispatcher-23.10.1.zip<\/p>\n<p>Size (less than):<br \/>\n3 MB<\/p>\n<p>Checksum md5:<br \/>\n734319ac5519322db1ecd56f3c7faf23<\/p>\n<p>Checksum sha256:<br \/>\n0006ecc01d92877ac613dd22c38ccd7737c2df13521c26570c3d00330ada3094<\/p>\n<p>Download-Provider:<br \/>\nGitHub<\/p>\n<\/div><div class=\"sdm_download_link\"><span class=\"sdm_download_button\"><a href=\"https:\/\/www.onetwoserve.net\/?sdm_process_download=1&download_id=775\" class=\"sdm_download green\" title=\"OpenTacticalDispatcher-Core_23.10.1\" target=\"_self\">Jetzt herunterladen!<\/a><\/span><\/div><\/div><div class=\"sdm_clear_float\"><\/div>\n<div class=\"sdm_download_item \"><div class=\"sdm_download_item_top\"><div class=\"sdm_download_thumbnail\"><\/div><div class=\"sdm_download_title\">OpenTacticalDispatcher-Server_22.04.2<\/div><\/div><div style=\"clear:both;\"><\/div><div class=\"sdm_download_description\"><p>Filename:<br \/>\nOpenTacticalDispatcher-Server_22.04.2.exe<\/p>\n<p>Size (less than):<br \/>\n118 MB<\/p>\n<p>Checksum md5:<br \/>\n84166e8a40f58bca6dff73005e09d83a<\/p>\n<p>Checksum sha256:<br \/>\n90dfffc2d416daa1a3004e211f16e7151d63e241f30ae72ca47f45f249ead34c<\/p>\n<p>Download-Provider:<br \/>\nAmazon Webservices<\/p>\n<\/div><div class=\"sdm_download_link\"><span class=\"sdm_download_button\"><a href=\"https:\/\/www.onetwoserve.net\/?sdm_process_download=1&download_id=730\" class=\"sdm_download green\" title=\"OpenTacticalDispatcher-Server_22.04.2\" target=\"_self\">Jetzt herunterladen!<\/a><\/span><\/div><\/div><div class=\"sdm_clear_float\"><\/div>\n<div class=\"sdm_download_item \"><div class=\"sdm_download_item_top\"><div class=\"sdm_download_thumbnail\"><\/div><div class=\"sdm_download_title\">OpenTacticalDispatcher-Core_22.04.2<\/div><\/div><div style=\"clear:both;\"><\/div><div class=\"sdm_download_description\"><p>Filename:<br \/>\nOpenTacticalDispatcher-22.04.2.zip<\/p>\n<p>Size (less than):<br \/>\n3 MB<\/p>\n<p>Checksum md5:<br \/>\nf0b4f4b5cb63a9a2b6fec582059ef1d4<\/p>\n<p>Checksum sha256:<br \/>\nxx894f6137a2ffd293d8a2fe897f9b70a0f4638bbab15cf3234a6b5c32e1463f8f<\/p>\n<p>Download-Provider:<br \/>\nGitHub<\/p>\n<\/div><div class=\"sdm_download_link\"><span class=\"sdm_download_button\"><a href=\"https:\/\/www.onetwoserve.net\/?sdm_process_download=1&download_id=723\" class=\"sdm_download green\" title=\"OpenTacticalDispatcher-Core_22.04.2\" target=\"_self\">Jetzt herunterladen!<\/a><\/span><\/div><\/div><div class=\"sdm_clear_float\"><\/div>\n<div class=\"sdm_download_item \"><div class=\"sdm_download_item_top\"><div class=\"sdm_download_thumbnail\"><\/div><div class=\"sdm_download_title\">OpenTacticalDispatcher-Core_22.04.1<\/div><\/div><div style=\"clear:both;\"><\/div><div class=\"sdm_download_description\"><p>Filename:<br \/>\nOpenTacticalDispatcher-22.04.1.zip<\/p>\n<p>Size (less than):<br \/>\n3 MB<\/p>\n<p>Checksum md5:<br \/>\nac1167ceaecb55048772ea0955bee79a<\/p>\n<p>Checksum sha256:<br \/>\n07dda9bbd5f3a97348a3de876803bf0c396d2cf84e1c099c1623fa4bdc54a5a5<\/p>\n<p>Download-Provider:<br \/>\nGitHub<\/p>\n<\/div><div class=\"sdm_download_link\"><span class=\"sdm_download_button\"><a href=\"https:\/\/www.onetwoserve.net\/?sdm_process_download=1&download_id=703\" class=\"sdm_download green\" title=\"OpenTacticalDispatcher-Core_22.04.1\" target=\"_self\">Jetzt herunterladen!<\/a><\/span><\/div><\/div><div class=\"sdm_clear_float\"><\/div>\n<div class=\"sdm_download_item \"><div class=\"sdm_download_item_top\"><div class=\"sdm_download_thumbnail\"><\/div><div class=\"sdm_download_title\">OpenTacticalDispatcher-Server_21.02.1<\/div><\/div><div style=\"clear:both;\"><\/div><div class=\"sdm_download_description\"><p>Filename:<br \/>\nOpenTacticalDispatcher-Server_21.02.1.exe<\/p>\n<p>Size (less than):<br \/>\n118 MB<\/p>\n<p>Checksum md5:<br \/>\n3ba64f366567304fb1680d12c73b712f<\/p>\n<p>Checksum sha256:<br \/>\nb7fa7288181346c88c51dd1142f8c71c7864a568bba4b3c68157aa548db89679<\/p>\n<p>Download-Provider:<br \/>\nAmazon Webservices<\/p>\n<\/div><div class=\"sdm_download_link\"><span class=\"sdm_download_button\"><a href=\"https:\/\/www.onetwoserve.net\/?sdm_process_download=1&download_id=608\" class=\"sdm_download green\" title=\"OpenTacticalDispatcher-Server_21.02.1\" target=\"_self\">Jetzt herunterladen!<\/a><\/span><\/div><\/div><div class=\"sdm_clear_float\"><\/div>\n<div class=\"sdm_download_item \"><div class=\"sdm_download_item_top\"><div class=\"sdm_download_thumbnail\"><\/div><div class=\"sdm_download_title\">OpenTacticalDispatcher-Core_21.02.1<\/div><\/div><div style=\"clear:both;\"><\/div><div class=\"sdm_download_description\"><p>Filename:<br \/>\nOpenTacticalDispatcher-21.02.1.zip<\/p>\n<p>Size (less than):<br \/>\n3 MB<\/p>\n<p>Checksum md5:<br \/>\ndd6e60944ec2acabe8ab8a5c36c3f501<\/p>\n<p>Checksum sha256:<br \/>\n0defd71e0a847df1b2f905d762b77ba1a22c75c28a6f02a12158faf3f835293d<\/p>\n<p>Download-Provider:<br \/>\nGitHub<\/p>\n<\/div><div class=\"sdm_download_link\"><span class=\"sdm_download_button\"><a href=\"https:\/\/www.onetwoserve.net\/?sdm_process_download=1&download_id=607\" class=\"sdm_download green\" title=\"OpenTacticalDispatcher-Core_21.02.1\" target=\"_self\">Jetzt herunterladen!<\/a><\/span><\/div><\/div><div class=\"sdm_clear_float\"><\/div>\n<div class=\"sdm_download_item \"><div class=\"sdm_download_item_top\"><div class=\"sdm_download_thumbnail\"><\/div><div class=\"sdm_download_title\">OpenTacticalDispatcher-Server_20.10.1<\/div><\/div><div style=\"clear:both;\"><\/div><div class=\"sdm_download_description\"><p>Filename:<br \/>\nOpenTacticalDispatcher-Server_20.10.1.exe<\/p>\n<p>Size (less than):<br \/>\n116 MB<\/p>\n<p>Checksum md5:<br \/>\n8d6703d0529272ca87ad2736c2ce00f3<\/p>\n<p>Checksum sha256:<br \/>\n8853f89068d6b0edc496a9bab40632b8f89403b2d3b0958534d8587a886c9753<\/p>\n<p>Download-Provider:<br \/>\nAmazon Webservices<\/p>\n<\/div><div class=\"sdm_download_link\"><span class=\"sdm_download_button\"><a href=\"https:\/\/www.onetwoserve.net\/?sdm_process_download=1&download_id=584\" class=\"sdm_download green\" title=\"OpenTacticalDispatcher-Server_20.10.1\" target=\"_self\">Jetzt herunterladen!<\/a><\/span><\/div><\/div><div class=\"sdm_clear_float\"><\/div>\n<div class=\"sdm_download_item \"><div class=\"sdm_download_item_top\"><div class=\"sdm_download_thumbnail\"><\/div><div class=\"sdm_download_title\">OpenTacticalDispatcher-Core_20.10.1<\/div><\/div><div style=\"clear:both;\"><\/div><div class=\"sdm_download_description\"><p>Filename:<br \/>\nOpenTacticalDispatcher-20.10.1.zip<\/p>\n<p>Size (less than):<br \/>\n3 MB<\/p>\n<p>Checksum md5:<br \/>\n6f33480a22f78c116957ee23cd479c62<\/p>\n<p>Checksum sha256:<br \/>\n6a4d68a64fee46cf40f622e00e58f689b6fa0f8c68f0e731d977d9784d4e1193<\/p>\n<p>Download-Provider:<br \/>\nAmazon Webservices<\/p>\n<\/div><div class=\"sdm_download_link\"><span class=\"sdm_download_button\"><a href=\"https:\/\/www.onetwoserve.net\/?sdm_process_download=1&download_id=581\" class=\"sdm_download green\" title=\"OpenTacticalDispatcher-Core_20.10.1\" target=\"_self\">Jetzt herunterladen!<\/a><\/span><\/div><\/div><div class=\"sdm_clear_float\"><\/div>\n<div class=\"sdm_download_item \"><div class=\"sdm_download_item_top\"><div class=\"sdm_download_thumbnail\"><\/div><div class=\"sdm_download_title\">OpenTacticalDispatcher-Server_18.9.1.2<\/div><\/div><div style=\"clear:both;\"><\/div><div class=\"sdm_download_description\"><p>Filename:<br \/>\nOpenTacticalDispatcher-Server-18.9.1.2.exe<\/p>\n<p>Size (less than):<br \/>\n116 MB<\/p>\n<p>Checksum md5:<br \/>\nbbdaf7131d8a64f1dde4a0ae87489cf2<\/p>\n<p>Checksum sha256:<br \/>\n34543c027fad80140f40c25a888ff9994f7212ffbda8b5e5cd6b25e0b4e8dddc<\/p>\n<p>Download-Provider:<br \/>\nAmazon Webservices<\/p>\n<\/div><div class=\"sdm_download_link\"><span class=\"sdm_download_button\"><a href=\"https:\/\/www.onetwoserve.net\/?sdm_process_download=1&download_id=547\" class=\"sdm_download green\" title=\"OpenTacticalDispatcher-Server_18.9.1.2\" target=\"_self\">Jetzt herunterladen!<\/a><\/span><\/div><\/div><div class=\"sdm_clear_float\"><\/div>\n<div class=\"sdm_download_item \"><div class=\"sdm_download_item_top\"><div class=\"sdm_download_thumbnail\"><\/div><div class=\"sdm_download_title\">OpenTacticalDispatcher-Core_18.9.1.2<\/div><\/div><div style=\"clear:both;\"><\/div><div class=\"sdm_download_description\"><p>Filename:<br \/>\nOpenTacticalDispatcher_Core-18.9.1.2.zip<\/p>\n<p>Size (less than):<br \/>\n3 MB<\/p>\n<p>Checksum md5:<br \/>\n6ccfc0209e90248f12b1e708f0ada872<\/p>\n<p>Checksum sha256:<br \/>\n7184447b04da6fc95081c1f35b1dadb35f7afcd38e055b0a147894668ea77a54<\/p>\n<p>Download-Provider:<br \/>\nAmazon Webservices<\/p>\n<\/div><div class=\"sdm_download_link\"><span class=\"sdm_download_button\"><a href=\"https:\/\/www.onetwoserve.net\/?sdm_process_download=1&download_id=548\" class=\"sdm_download green\" title=\"OpenTacticalDispatcher-Core_18.9.1.2\" target=\"_self\">Jetzt herunterladen!<\/a><\/span><\/div><\/div><div class=\"sdm_clear_float\"><\/div>\n<div class=\"sdm_download_item \"><div class=\"sdm_download_item_top\"><div class=\"sdm_download_thumbnail\"><\/div><div class=\"sdm_download_title\">OpenTacticalDispatcher-Server_18.9.1.1<\/div><\/div><div style=\"clear:both;\"><\/div><div class=\"sdm_download_description\"><p>Filename:<br \/>\nOpenTacticalDispatcher_Server.exe<\/p>\n<p>Size (less than):<br \/>\n74 MB<\/p>\n<p>Checksum md5:<br \/>\n5c56be7edf7e997327a633af68bd95a4<\/p>\n<p>Checksum sha256:<br \/>\n23f325330c51cfbec98e23bd6ead408daa85cb6a00e47c69b707464738c2b862<\/p>\n<p>Download-Provider:<br \/>\nAmazon Webservices<\/p>\n<\/div><div class=\"sdm_download_link\"><span class=\"sdm_download_button\"><a href=\"https:\/\/www.onetwoserve.net\/?sdm_process_download=1&download_id=493\" class=\"sdm_download green\" title=\"OpenTacticalDispatcher-Server_18.9.1.1\" target=\"_self\">Jetzt herunterladen!<\/a><\/span><\/div><\/div><div class=\"sdm_clear_float\"><\/div>\n<div class=\"sdm_download_item \"><div class=\"sdm_download_item_top\"><div class=\"sdm_download_thumbnail\"><\/div><div class=\"sdm_download_title\">OpenTacticalDispatcher-Core_18.9.1.1<\/div><\/div><div style=\"clear:both;\"><\/div><div class=\"sdm_download_description\"><p>Filename:<br \/>\nOpenTacticalDispatcher-18.9.1.1.zip<\/p>\n<p>Size (less than):<br \/>\n3 MB<\/p>\n<p>Checksum md5:<br \/>\ndb2920e9488663beb9d4037125c8481e<\/p>\n<p>Checksum sha256:<br \/>\nf78a6e467545b3683307492ed83c0442fa0a89c39a63463c891aa851fa725640<\/p>\n<p>Download-Provider:<br \/>\nAmazon Webservices<\/p>\n<\/div><div class=\"sdm_download_link\"><span class=\"sdm_download_button\"><a href=\"https:\/\/www.onetwoserve.net\/?sdm_process_download=1&download_id=492\" class=\"sdm_download green\" title=\"OpenTacticalDispatcher-Core_18.9.1.1\" target=\"_self\">Jetzt herunterladen!<\/a><\/span><\/div><\/div><div class=\"sdm_clear_float\"><\/div>\n<div class=\"sdm_download_item \"><div class=\"sdm_download_item_top\"><div class=\"sdm_download_thumbnail\"><\/div><div class=\"sdm_download_title\">OpenTacticalDispatcher-to-go_17.2.1.4<\/div><\/div><div style=\"clear:both;\"><\/div><div class=\"sdm_download_description\"><p>Die to-go-Version ist f\u00fcr den Betrieb des Servers als Anwendungsprogramm in einem<br \/>\nBenutzerverzeichnis (z.B. auf dem Desktop) vorgesehen. Der Server kann alternativ<br \/>\nauch portabel von einem USB-Speicherstick ausgef\u00fchrt werden.<br \/>\nF\u00fcr einen Betrieb als Systemdienst ist eine manuelle Installation der Programmdateien<br \/>\nauf einem g\u00e4ngigen Webserver-Stack vorzuziehen.<\/p>\n<p>Getestete Betriebssysteme: Vista, Win7, Win8, Win10<\/p>\n<p>Inbetriebnahme:<\/p>\n<p>1. Schliessen Sie alle Bildschirmschoner, Virenschutzprogramme oder andere<br \/>\nSoftwareprogramme die auf Ihrem Computer ausgef\u00fchrt werden.<\/p>\n<p>2. Entpacken Sie das zip-Archiv.<\/p>\n<p>3. Gehen Sie auf den entpackten Ordner und klicken auf &#8222;start server&#8220;.<\/p>\n<p>4. Die Windows-Firewall wird fragen, ob Sie den externen Zugriff erlauben m\u00f6chten. Antwort Sie Ja,<br \/>\nwenn Sie von anderen Rechnern aus ihrem lokalen Netzwerk darauf zugreifen wollen.<\/p>\n<p>5. \u00d6ffnen Sie einen Browser, z.B. Firefox oder Chrome, geben Sie &#8218;localhost&#8216; in die<br \/>\nAdress-Zeile ein und dr\u00fccken Sie die Eingabetaste.<\/p>\n<p>6. Danach k\u00f6nnen Sie ausw\u00e4hlen, ob sie den Konfigurationsassistenten nutzen wollen.<\/p>\n<p>7. Wenn Sie den Konfigurationsassistenten nicht nutzen wollen oder ihn erfolgreich durchlaufen haben,<br \/>\nsollten Sie im Anschluss die Login-Seite sehen.<\/p>\n<p>8. Der Server ist unter http:\/\/localhost erreichbar.<br \/>\nBenutzername: admin<br \/>\nPasswort: admin<\/p>\n<p>============================<\/p>\n<p>The to-go version is for running the server as an application in a user-folder<br \/>\n(E.g., on the desktop). The server can be run alternatively portably from a<br \/>\nUSB memory stick.<br \/>\nFor operation as System service is a manual installation of the program files<br \/>\non a Web server stack.<\/p>\n<p>Tested OS: Vista, Win7, Win8, Win10<\/p>\n<p>Commissioning:<\/p>\n<p>1. Close any screen savers, virus protection programs, or other software programs running on your computer.<\/p>\n<p>2. Unzip the archivefile.<\/p>\n<p>3. Go to the unzipped folder and &#8222;start server&#8220; click on.<\/p>\n<p>4. The Windows Firewall will ask whether you want to allow external access. Answer yes if you want to<br \/>\naccess from other computers in your local network.<\/p>\n<p>5. Open a browser, e.g. Firefox or Chrome, type &#8218;localhost&#8216; in the adress bar and press &#8218;Enter&#8216;.<\/p>\n<p>6. After that, you can choose whether they want to use the configuration wizard.<\/p>\n<p>7. If you do not want to use the configuration wizard or have completed it successfully,<br \/>\nYou should see the following login page.<\/p>\n<p>8. The server can be reached at http:\/\/localhost.<br \/>\nUser Name: admin<br \/>\nPassword: admin<\/p>\n<p>Filename:<br \/>\nOpenTacticalDispatcher-to-go.exe<\/p>\n<p>Size (less than):<br \/>\n77 MB<\/p>\n<p>Checksum md5:<br \/>\ne01f8a95c87d9c387921322e10c3a848<\/p>\n<p>Checksum sha256:<br \/>\nb900acd9e62a757f5e0230d4aad3bbebbf848059901cc76846e46bbf6af723e7<\/p>\n<p>Download-Provider:<br \/>\nAmazon Webservices<\/p>\n<\/div><div class=\"sdm_download_link\"><span class=\"sdm_download_button\"><a href=\"https:\/\/www.onetwoserve.net\/?sdm_process_download=1&download_id=362\" class=\"sdm_download green\" title=\"OpenTacticalDispatcher-to-go_17.2.1.4\" target=\"_self\">Jetzt herunterladen!<\/a><\/span><\/div><\/div><div class=\"sdm_clear_float\"><\/div>\n<div class=\"sdm_download_item \"><div class=\"sdm_download_item_top\"><div class=\"sdm_download_thumbnail\"><\/div><div class=\"sdm_download_title\">OpenTacticalDispatcher-manual-install_17.2.1.4<\/div><\/div><div style=\"clear:both;\"><\/div><div class=\"sdm_download_description\"><p>readme.txt<!--more--><\/p>\n<p>1. Kopieren Sie die Archivdatei in das Verzeichnis eines Webservers, z.B. Lighttpd oder Apache.<br \/>\n2. Entpacken Sie die Archivdatei und passen Sie den Verzeichnisnamen und die Dateizugriffsrechte entsprechend Ihren Bed\u00fcrfnissen an. Zum Speichern der Anmeldedaten der Datenbank muss die Datei .\/incs\/db_credentials.inc.php f\u00fcr den Webserver beschreibbar sein.<br \/>\n3. \u00d6ffnen Sie einen Browser, z.B. Firefox oder Chrome, geben Sie &#8222;localhost\/[ggfls. Pfad zum Ordner\/]install.php&#8220; in die Adress-Zeile ein und dr\u00fccken Sie die Eingabetaste.<br \/>\n4. Geben sie die Anmeldedaten zu eine MySQL-kompatiblen Datenbank ein, z.B. MariaDB oder MySQL.<br \/>\n5. W\u00e4hlen Sie die zu installierende Sprache aus und klicken Sie auf &#8222;Install&#8220;.<br \/>\n6. Sobald die Installation abgeschlossen ist, k\u00f6nnen Sie die Anwendung mit einen Klick auf &#8222;Start Application&#8220; starten.<br \/>\n7. Beim ersten Start k\u00f6nnen Sie ausw\u00e4hlen, ob sie den Konfigurationsassistenten nutzen wollen.<br \/>\n8. Wenn Sie den Konfigurationsassistenten nicht nutzen wollen oder ihn erfolgreich durchlaufen haben,<br \/>\nsollten Sie im Anschluss die Login-Seite sehen. Standard-Benutzernamen und Passwort ist &#8222;admin&#8220;.<br \/>\n9. Anschliessend sollte der Zugriff auf die Datei install.php verhindert werden. Z.B durch L\u00f6schen der Datei oder durch anpassen der Zugriffsrechte.<\/p>\n<p>1. Copy the archive file to the directory of a web server, e.g. Lighttpd or Apache.<br \/>\n2. Untar the archive file and adjust the directory name and the file permissions according to your needs. To save the credentials of the database, the file must be .\/incs\/db_credentials.inc.php writable by the webserver.<br \/>\n3. Open a browser, for example, Firefox or Chrome, type &#8218;localhost\/[if necessary, path to the folder\/]install.php&#8216; in the address bar and press Enter.<br \/>\n4. Enter the login data to a MySQL-compatible database, e.g. MariaDB or MySQL.<br \/>\n5. Select the language and click on &#8218;Install&#8216;.<br \/>\n6. Once the installation is complete, you can launch the application with a click on &#8218;Start Application&#8216;.<br \/>\n7. When you first start, you can choose whether they want to use the configuration wizard.<br \/>\n8. If you do not want to use the configuration wizard or have completed it successfully, You should see the following login page.<br \/>\nDefault username and passwort is &#8218;admin&#8216;.<br \/>\n9. The access to the file install.php should be prevented. E.g. by deleting the file or adjust the access rights.<\/p>\n<p>Filename:<br \/>\nOpenTacticalDispatcher-17.2.1.4.zip<\/p>\n<p>Size (less than):<br \/>\n2,1 MB<\/p>\n<p>Checksum md5:<br \/>\na5ffa927407d75b304cbad9ac4b449b5<\/p>\n<p>Checksum sha256:<br \/>\nd0f0f97a57491b6f7a1b6256df958659d772da0cd3ff6a1b91b8272be824ae82<\/p>\n<p>Download-Provider:<br \/>\nAmazon Webservices<\/p>\n<\/div><div class=\"sdm_download_link\"><span class=\"sdm_download_button\"><a href=\"https:\/\/www.onetwoserve.net\/?sdm_process_download=1&download_id=350\" class=\"sdm_download green\" title=\"OpenTacticalDispatcher-manual-install_17.2.1.4\" target=\"_self\">Jetzt herunterladen!<\/a><\/span><\/div><\/div><div class=\"sdm_clear_float\"><\/div>\n","protected":false},"excerpt":{"rendered":"<p>Hinweis: Der Download wird \u00fcber die externen Anbieter GitHub und Amazon Webservices zur Verf\u00fcgung gestellt. Beim klicken auf den Button &#8222;Jetzt herunterladen!&#8220; wird die IP-Adresse und Weitere durch den Browser \u00fcbertragenen Daten an einen der [&hellip;]<\/p>\n","protected":false},"author":1,"featured_media":0,"parent":0,"menu_order":0,"comment_status":"open","ping_status":"open","template":"","meta":{"footnotes":""},"class_list":["post-2","page","type-page","status-publish","hentry"],"_links":{"self":[{"href":"https:\/\/www.onetwoserve.net\/index.php?rest_route=\/wp\/v2\/pages\/2","targetHints":{"allow":["GET"]}}],"collection":[{"href":"https:\/\/www.onetwoserve.net\/index.php?rest_route=\/wp\/v2\/pages"}],"about":[{"href":"https:\/\/www.onetwoserve.net\/index.php?rest_route=\/wp\/v2\/types\/page"}],"author":[{"embeddable":true,"href":"https:\/\/www.onetwoserve.net\/index.php?rest_route=\/wp\/v2\/users\/1"}],"replies":[{"embeddable":true,"href":"https:\/\/www.onetwoserve.net\/index.php?rest_route=%2Fwp%2Fv2%2Fcomments&post=2"}],"version-history":[{"count":50,"href":"https:\/\/www.onetwoserve.net\/index.php?rest_route=\/wp\/v2\/pages\/2\/revisions"}],"predecessor-version":[{"id":783,"href":"https:\/\/www.onetwoserve.net\/index.php?rest_route=\/wp\/v2\/pages\/2\/revisions\/783"}],"wp:attachment":[{"href":"https:\/\/www.onetwoserve.net\/index.php?rest_route=%2Fwp%2Fv2%2Fmedia&parent=2"}],"curies":[{"name":"wp","href":"https:\/\/api.w.org\/{rel}","templated":true}]}}